{"id":81,"date":"2026-03-18T21:01:26","date_gmt":"2026-03-19T02:01:26","guid":{"rendered":"https:\/\/dxnlosolivos.com\/?post_type=product&#038;p=81"},"modified":"2026-03-18T21:01:26","modified_gmt":"2026-03-19T02:01:26","slug":"spica-tea","status":"publish","type":"product","link":"https:\/\/dxnlosolivos.com\/?product=spica-tea","title":{"rendered":"Spica Tea"},"content":{"rendered":"<h5>SPICE TEA + GANODERMA + RADIX GLYCYRRHIZAE<\/h5>\n<p>Para el cuidado de su salud DXN ha desarrollado T\u00e9 Spica que es ricoc en ingredientes naturales combinando varias hiervas esenciales, con aroma agradable y reconstituyente, m\u00e1s extracto de Ganoderma. El T\u00e9 Spica es tambien suave e ideal para todas las edades y g\u00e9nero, gracias a ssu presentaci\u00f3n en bolsitas la podemos reutilizar hasta cuatro veces seg\u00fan se quiera la concentraci\u00f3n del t\u00e9 sin que disminuya sus propiedades.<\/p>\n","protected":false},"excerpt":{"rendered":"<p>Para el cuidado de su salud DXN ha desarrollado T\u00e9 Spica que es ricoc en ingredientes naturales combinando varias hiervas esenciales, con aroma agradable y reconstituyente, m\u00e1s extracto de Ganoderma. El T\u00e9 Spica es tambien suave e ideal para todas las edades y g\u00e9nero, gracias a ssu presentaci\u00f3n en bolsitas la podemos reutilizar hasta cuatro veces seg\u00fan se quiera la concentraci\u00f3n del t\u00e9 sin que disminuya sus propiedades.<\/p>\n","protected":false},"featured_media":82,"comment_status":"open","ping_status":"closed","template":"","meta":{"_joinchat":[]},"product_brand":[],"product_cat":[19],"product_tag":[],"class_list":{"0":"post-81","1":"product","2":"type-product","3":"status-publish","4":"has-post-thumbnail","6":"product_cat-alimentos-y-bebidas","8":"first","9":"instock","10":"shipping-taxable","11":"product-type-simple"},"_links":{"self":[{"href":"https:\/\/dxnlosolivos.com\/index.php?rest_route=\/wp\/v2\/product\/81","targetHints":{"allow":["GET"]}}],"collection":[{"href":"https:\/\/dxnlosolivos.com\/index.php?rest_route=\/wp\/v2\/product"}],"about":[{"href":"https:\/\/dxnlosolivos.com\/index.php?rest_route=\/wp\/v2\/types\/product"}],"replies":[{"embeddable":true,"href":"https:\/\/dxnlosolivos.com\/index.php?rest_route=%2Fwp%2Fv2%2Fcomments&post=81"}],"wp:featuredmedia":[{"embeddable":true,"href":"https:\/\/dxnlosolivos.com\/index.php?rest_route=\/wp\/v2\/media\/82"}],"wp:attachment":[{"href":"https:\/\/dxnlosolivos.com\/index.php?rest_route=%2Fwp%2Fv2%2Fmedia&parent=81"}],"wp:term":[{"taxonomy":"product_brand","embeddable":true,"href":"https:\/\/dxnlosolivos.com\/index.php?rest_route=%2Fwp%2Fv2%2Fproduct_brand&post=81"},{"taxonomy":"product_cat","embeddable":true,"href":"https:\/\/dxnlosolivos.com\/index.php?rest_route=%2Fwp%2Fv2%2Fproduct_cat&post=81"},{"taxonomy":"product_tag","embeddable":true,"href":"https:\/\/dxnlosolivos.com\/index.php?rest_route=%2Fwp%2Fv2%2Fproduct_tag&post=81"}],"curies":[{"name":"wp","href":"https:\/\/api.w.org\/{rel}","templated":true}]}}