{"id":79,"date":"2026-03-18T20:55:59","date_gmt":"2026-03-19T01:55:59","guid":{"rendered":"https:\/\/dxnlosolivos.com\/?post_type=product&#038;p=79"},"modified":"2026-03-18T20:55:59","modified_gmt":"2026-03-19T01:55:59","slug":"cordyceps-cereal","status":"publish","type":"product","link":"https:\/\/dxnlosolivos.com\/?product=cordyceps-cereal","title":{"rendered":"Cordyceps Cereal"},"content":{"rendered":"<h5>AVENA + TRIGO + CORDYCEPS SINENSIS<\/h5>\n<p>El Cordyceps Sinensis es un hongo chino con poderosas propiedades medicinales. Descubierto hace m\u00e1s de\u00a0 a\u00f1os en las m\u00e1s altas monta\u00f1as de la China, Tibet y el Nepal. Las investigaciones m\u00e1s recientes han comprobado que los principios activos y nutrientes del Cordyceps pueden ayudar a nuestro cuerpo a combatir enfermedades, virus y bacterias. El Cordyceps tambi\u00e9n fortalece el sistema inmunol\u00f3gico y promueve la longevidad. Adem\u00e1s aumenta la producci\u00f3n de ATP (Trifosfato de Adenosina en las celulas), lo que incrementa la energ\u00eda de las personas que lo consumen.<\/p>\n","protected":false},"excerpt":{"rendered":"<p>El Cordyceps Sinensis es un hongo chino con poderosas propiedades medicinales. Descubierto hace m\u00e1s de\u00a0 a\u00f1os en las m\u00e1s altas monta\u00f1as de la China, Tibet y el Nepal. Las investigaciones m\u00e1s recientes han comprobado que los principios activos y nutrientes del Cordyceps pueden ayudar a nuestro cuerpo a combatir enfermedades, virus y bacterias. El Cordyceps tambi\u00e9n fortalece el sistema inmunol\u00f3gico y promueve la longevidad. Adem\u00e1s aumenta la producci\u00f3n de ATP (Trifosfato de Adenosina en las celulas), lo que incrementa la energ\u00eda de las personas que lo consumen.<\/p>\n","protected":false},"featured_media":80,"comment_status":"open","ping_status":"closed","template":"","meta":{"_joinchat":[]},"product_brand":[],"product_cat":[19],"product_tag":[],"class_list":{"0":"post-79","1":"product","2":"type-product","3":"status-publish","4":"has-post-thumbnail","6":"product_cat-alimentos-y-bebidas","8":"first","9":"instock","10":"shipping-taxable","11":"product-type-simple"},"_links":{"self":[{"href":"https:\/\/dxnlosolivos.com\/index.php?rest_route=\/wp\/v2\/product\/79","targetHints":{"allow":["GET"]}}],"collection":[{"href":"https:\/\/dxnlosolivos.com\/index.php?rest_route=\/wp\/v2\/product"}],"about":[{"href":"https:\/\/dxnlosolivos.com\/index.php?rest_route=\/wp\/v2\/types\/product"}],"replies":[{"embeddable":true,"href":"https:\/\/dxnlosolivos.com\/index.php?rest_route=%2Fwp%2Fv2%2Fcomments&post=79"}],"wp:featuredmedia":[{"embeddable":true,"href":"https:\/\/dxnlosolivos.com\/index.php?rest_route=\/wp\/v2\/media\/80"}],"wp:attachment":[{"href":"https:\/\/dxnlosolivos.com\/index.php?rest_route=%2Fwp%2Fv2%2Fmedia&parent=79"}],"wp:term":[{"taxonomy":"product_brand","embeddable":true,"href":"https:\/\/dxnlosolivos.com\/index.php?rest_route=%2Fwp%2Fv2%2Fproduct_brand&post=79"},{"taxonomy":"product_cat","embeddable":true,"href":"https:\/\/dxnlosolivos.com\/index.php?rest_route=%2Fwp%2Fv2%2Fproduct_cat&post=79"},{"taxonomy":"product_tag","embeddable":true,"href":"https:\/\/dxnlosolivos.com\/index.php?rest_route=%2Fwp%2Fv2%2Fproduct_tag&post=79"}],"curies":[{"name":"wp","href":"https:\/\/api.w.org\/{rel}","templated":true}]}}