{"id":74,"date":"2026-03-18T20:43:37","date_gmt":"2026-03-19T01:43:37","guid":{"rendered":"https:\/\/dxnlosolivos.com\/?post_type=product&#038;p=74"},"modified":"2026-03-18T20:43:37","modified_gmt":"2026-03-19T01:43:37","slug":"spirulina-cereal","status":"publish","type":"product","link":"https:\/\/dxnlosolivos.com\/?product=spirulina-cereal","title":{"rendered":"Spirulina Cereal"},"content":{"rendered":"<h5>1GR DE SPIRULINA = 1 KG DE FRUTAS Y VERDURAS<\/h5>\n<p>El Cereal Spirulina es un cereal instant\u00e1neo de fibras. Est\u00e1 hecho de fibras de cereal de alta calidad y polvo de spirulina, y es na de las mejores fuentes de nutrici\u00f3n. M\u00e9zcle un paquete de Spirulina Cereal DXN en una vaso de leche o agua fr\u00eda para disfrutar de un alimento nutritivo equilibrado.<\/p>\n","protected":false},"excerpt":{"rendered":"<p>El Cereal Spirulina es un cereal instant\u00e1neo de fibras. Est\u00e1 hecho de fibras de cereal de alta calidad y polvo de spirulina, y es na de las mejores fuentes de nutrici\u00f3n. M\u00e9zcle un paquete de Spirulina Cereal DXN en una vaso de leche o agua fr\u00eda para disfrutar de un alimento nutritivo equilibrado.<\/p>\n","protected":false},"featured_media":75,"comment_status":"open","ping_status":"closed","template":"","meta":{"_joinchat":[]},"product_brand":[],"product_cat":[19],"product_tag":[],"class_list":{"0":"post-74","1":"product","2":"type-product","3":"status-publish","4":"has-post-thumbnail","6":"product_cat-alimentos-y-bebidas","8":"first","9":"instock","10":"shipping-taxable","11":"product-type-simple"},"_links":{"self":[{"href":"https:\/\/dxnlosolivos.com\/index.php?rest_route=\/wp\/v2\/product\/74","targetHints":{"allow":["GET"]}}],"collection":[{"href":"https:\/\/dxnlosolivos.com\/index.php?rest_route=\/wp\/v2\/product"}],"about":[{"href":"https:\/\/dxnlosolivos.com\/index.php?rest_route=\/wp\/v2\/types\/product"}],"replies":[{"embeddable":true,"href":"https:\/\/dxnlosolivos.com\/index.php?rest_route=%2Fwp%2Fv2%2Fcomments&post=74"}],"wp:featuredmedia":[{"embeddable":true,"href":"https:\/\/dxnlosolivos.com\/index.php?rest_route=\/wp\/v2\/media\/75"}],"wp:attachment":[{"href":"https:\/\/dxnlosolivos.com\/index.php?rest_route=%2Fwp%2Fv2%2Fmedia&parent=74"}],"wp:term":[{"taxonomy":"product_brand","embeddable":true,"href":"https:\/\/dxnlosolivos.com\/index.php?rest_route=%2Fwp%2Fv2%2Fproduct_brand&post=74"},{"taxonomy":"product_cat","embeddable":true,"href":"https:\/\/dxnlosolivos.com\/index.php?rest_route=%2Fwp%2Fv2%2Fproduct_cat&post=74"},{"taxonomy":"product_tag","embeddable":true,"href":"https:\/\/dxnlosolivos.com\/index.php?rest_route=%2Fwp%2Fv2%2Fproduct_tag&post=74"}],"curies":[{"name":"wp","href":"https:\/\/api.w.org\/{rel}","templated":true}]}}