{"id":72,"date":"2026-03-18T20:38:15","date_gmt":"2026-03-19T01:38:15","guid":{"rendered":"https:\/\/dxnlosolivos.com\/?post_type=product&#038;p=72"},"modified":"2026-03-18T20:38:15","modified_gmt":"2026-03-19T01:38:15","slug":"tea-latte","status":"publish","type":"product","link":"https:\/\/dxnlosolivos.com\/?product=tea-latte","title":{"rendered":"Tea Latte"},"content":{"rendered":"<h5>T\u00c9 VERDE + GANODERMA + CREMA VEGETAL<\/h5>\n<p>Para los amantes del T\u00e9 Latte que adem\u00e1s de un delicioso sabor a t\u00e9 con crema, quieren dar a su organismo m\u00faltiples beneficios por su contenido de Ganoderma, DXN ha introducido un totalmente nuevo DXN Linzhi Tea Latte que adem\u00e1s de ser una bebida alcalina con todos los beneficios del Ganoderma, contiene vitaminas C y E lo que lo hace mas notable.<\/p>\n","protected":false},"excerpt":{"rendered":"<p>Para los amantes del T\u00e9 Latte que adem\u00e1s de un delicioso sabor a t\u00e9 con crema, quieren dar a su organismo m\u00faltiples beneficios por su contenido de Ganoderma, DXN ha introducido un totalmente nuevo DXN Linzhi Tea Latte que adem\u00e1s de ser una bebida alcalina con todos los beneficios del Ganoderma, contiene vitaminas C y E lo que lo hace mas notable.<\/p>\n","protected":false},"featured_media":73,"comment_status":"open","ping_status":"closed","template":"","meta":{"_joinchat":[]},"product_brand":[],"product_cat":[19],"product_tag":[],"class_list":{"0":"post-72","1":"product","2":"type-product","3":"status-publish","4":"has-post-thumbnail","6":"product_cat-alimentos-y-bebidas","8":"first","9":"instock","10":"shipping-taxable","11":"product-type-simple"},"_links":{"self":[{"href":"https:\/\/dxnlosolivos.com\/index.php?rest_route=\/wp\/v2\/product\/72","targetHints":{"allow":["GET"]}}],"collection":[{"href":"https:\/\/dxnlosolivos.com\/index.php?rest_route=\/wp\/v2\/product"}],"about":[{"href":"https:\/\/dxnlosolivos.com\/index.php?rest_route=\/wp\/v2\/types\/product"}],"replies":[{"embeddable":true,"href":"https:\/\/dxnlosolivos.com\/index.php?rest_route=%2Fwp%2Fv2%2Fcomments&post=72"}],"wp:featuredmedia":[{"embeddable":true,"href":"https:\/\/dxnlosolivos.com\/index.php?rest_route=\/wp\/v2\/media\/73"}],"wp:attachment":[{"href":"https:\/\/dxnlosolivos.com\/index.php?rest_route=%2Fwp%2Fv2%2Fmedia&parent=72"}],"wp:term":[{"taxonomy":"product_brand","embeddable":true,"href":"https:\/\/dxnlosolivos.com\/index.php?rest_route=%2Fwp%2Fv2%2Fproduct_brand&post=72"},{"taxonomy":"product_cat","embeddable":true,"href":"https:\/\/dxnlosolivos.com\/index.php?rest_route=%2Fwp%2Fv2%2Fproduct_cat&post=72"},{"taxonomy":"product_tag","embeddable":true,"href":"https:\/\/dxnlosolivos.com\/index.php?rest_route=%2Fwp%2Fv2%2Fproduct_tag&post=72"}],"curies":[{"name":"wp","href":"https:\/\/api.w.org\/{rel}","templated":true}]}}