{"id":65,"date":"2026-03-18T19:04:08","date_gmt":"2026-03-19T00:04:08","guid":{"rendered":"https:\/\/dxnlosolivos.com\/?post_type=product&#038;p=65"},"modified":"2026-03-18T19:04:08","modified_gmt":"2026-03-19T00:04:08","slug":"zhi-cafe-classic","status":"publish","type":"product","link":"https:\/\/dxnlosolivos.com\/?product=zhi-cafe-classic","title":{"rendered":"Zhi Caf\u00e9 Classic"},"content":{"rendered":"<h5>CAF\u00c9 + GANODERMA<\/h5>\n<p>Si usted ha sido un bebedor de caf\u00e9 por un largo tiempo y que le gustar\u00eda disfrutar del sabor del caf\u00e9 diferente, entonces usted puede cambiar a un caf\u00e9 tostado, DXN te trae Zhi Caf\u00e9 Classic, te da un delicado y suave sabor con un profundo y satisfactorio aroma el cual es excelente para una grandiosa primera taza de caf\u00e9 cada ma\u00f1ana.<\/p>\n","protected":false},"excerpt":{"rendered":"<p>Si usted ha sido un bebedor de caf\u00e9 por un largo tiempo y que le gustar\u00eda disfrutar del sabor del caf\u00e9 diferente, entonces usted puede cambiar a un caf\u00e9 tostado, DXN te trae Zhi Caf\u00e9 Classic, te da un delicado y suave sabor con un profundo y satisfactorio aroma el cual es excelente para una grandiosa primera taza de caf\u00e9 cada ma\u00f1ana.<\/p>\n","protected":false},"featured_media":66,"comment_status":"open","ping_status":"closed","template":"","meta":{"_joinchat":[]},"product_brand":[],"product_cat":[19],"product_tag":[],"class_list":{"0":"post-65","1":"product","2":"type-product","3":"status-publish","4":"has-post-thumbnail","6":"product_cat-alimentos-y-bebidas","8":"first","9":"instock","10":"shipping-taxable","11":"product-type-simple"},"_links":{"self":[{"href":"https:\/\/dxnlosolivos.com\/index.php?rest_route=\/wp\/v2\/product\/65","targetHints":{"allow":["GET"]}}],"collection":[{"href":"https:\/\/dxnlosolivos.com\/index.php?rest_route=\/wp\/v2\/product"}],"about":[{"href":"https:\/\/dxnlosolivos.com\/index.php?rest_route=\/wp\/v2\/types\/product"}],"replies":[{"embeddable":true,"href":"https:\/\/dxnlosolivos.com\/index.php?rest_route=%2Fwp%2Fv2%2Fcomments&post=65"}],"wp:featuredmedia":[{"embeddable":true,"href":"https:\/\/dxnlosolivos.com\/index.php?rest_route=\/wp\/v2\/media\/66"}],"wp:attachment":[{"href":"https:\/\/dxnlosolivos.com\/index.php?rest_route=%2Fwp%2Fv2%2Fmedia&parent=65"}],"wp:term":[{"taxonomy":"product_brand","embeddable":true,"href":"https:\/\/dxnlosolivos.com\/index.php?rest_route=%2Fwp%2Fv2%2Fproduct_brand&post=65"},{"taxonomy":"product_cat","embeddable":true,"href":"https:\/\/dxnlosolivos.com\/index.php?rest_route=%2Fwp%2Fv2%2Fproduct_cat&post=65"},{"taxonomy":"product_tag","embeddable":true,"href":"https:\/\/dxnlosolivos.com\/index.php?rest_route=%2Fwp%2Fv2%2Fproduct_tag&post=65"}],"curies":[{"name":"wp","href":"https:\/\/api.w.org\/{rel}","templated":true}]}}