{"id":55,"date":"2026-03-18T18:41:31","date_gmt":"2026-03-18T23:41:31","guid":{"rendered":"https:\/\/dxnlosolivos.com\/?post_type=product&#038;p=55"},"modified":"2026-03-18T18:41:31","modified_gmt":"2026-03-18T23:41:31","slug":"cafe-lingzhi-2-en-1","status":"publish","type":"product","link":"https:\/\/dxnlosolivos.com\/?product=cafe-lingzhi-2-en-1","title":{"rendered":"Caf\u00e9 Lingzhi 2 en 1"},"content":{"rendered":"<p>CAFE + GANODERMA<\/p>\n<p>Nuestro elegante daf\u00e9 negro DXN enriquecido con Ganoderma Lucidum (Sin Crema y Sin Az\u00facar), le brindar\u00e1 una cautivante sensaci\u00f3n de energ\u00eda en cada taza. Rico en aroma y cl\u00e1sico en sabor, transformar\u00e1 cualquier momento del d\u00eda en una fabulosa experiencia.<\/p>\n","protected":false},"excerpt":{"rendered":"<p>Nuestro elegante daf\u00e9 negro DXN enriquecido con Ganoderma Lucidum (Sin Crema y Sin Az\u00facar), le brindar\u00e1 una cautivante sensaci\u00f3n de energ\u00eda en cada taza. Rico en aroma y cl\u00e1sico en sabor, transformar\u00e1 cualquier momento del d\u00eda en una fabulosa experiencia.<\/p>\n","protected":false},"featured_media":56,"comment_status":"open","ping_status":"closed","template":"","meta":{"_joinchat":[]},"product_brand":[],"product_cat":[19],"product_tag":[],"class_list":{"0":"post-55","1":"product","2":"type-product","3":"status-publish","4":"has-post-thumbnail","6":"product_cat-alimentos-y-bebidas","8":"first","9":"instock","10":"shipping-taxable","11":"product-type-simple"},"_links":{"self":[{"href":"https:\/\/dxnlosolivos.com\/index.php?rest_route=\/wp\/v2\/product\/55","targetHints":{"allow":["GET"]}}],"collection":[{"href":"https:\/\/dxnlosolivos.com\/index.php?rest_route=\/wp\/v2\/product"}],"about":[{"href":"https:\/\/dxnlosolivos.com\/index.php?rest_route=\/wp\/v2\/types\/product"}],"replies":[{"embeddable":true,"href":"https:\/\/dxnlosolivos.com\/index.php?rest_route=%2Fwp%2Fv2%2Fcomments&post=55"}],"wp:featuredmedia":[{"embeddable":true,"href":"https:\/\/dxnlosolivos.com\/index.php?rest_route=\/wp\/v2\/media\/56"}],"wp:attachment":[{"href":"https:\/\/dxnlosolivos.com\/index.php?rest_route=%2Fwp%2Fv2%2Fmedia&parent=55"}],"wp:term":[{"taxonomy":"product_brand","embeddable":true,"href":"https:\/\/dxnlosolivos.com\/index.php?rest_route=%2Fwp%2Fv2%2Fproduct_brand&post=55"},{"taxonomy":"product_cat","embeddable":true,"href":"https:\/\/dxnlosolivos.com\/index.php?rest_route=%2Fwp%2Fv2%2Fproduct_cat&post=55"},{"taxonomy":"product_tag","embeddable":true,"href":"https:\/\/dxnlosolivos.com\/index.php?rest_route=%2Fwp%2Fv2%2Fproduct_tag&post=55"}],"curies":[{"name":"wp","href":"https:\/\/api.w.org\/{rel}","templated":true}]}}