{"id":51,"date":"2026-03-18T18:15:27","date_gmt":"2026-03-18T23:15:27","guid":{"rendered":"https:\/\/dxnlosolivos.com\/?post_type=product&#038;p=51"},"modified":"2026-03-18T18:25:57","modified_gmt":"2026-03-18T23:25:57","slug":"lingzhi-coffee-3-en-1","status":"publish","type":"product","link":"https:\/\/dxnlosolivos.com\/?product=lingzhi-coffee-3-en-1","title":{"rendered":"Lingzhi Coffee 3 en 1"},"content":{"rendered":"<h5>CAF\u00c9 + GANODERMA + CREMA NO LACTEA<\/h5>\n<p>Lingzhi Caf\u00e9 3 en 1 es una fusi\u00f3ndel m\u00e1s selecto caf\u00e9 gourmet y el extracto de las seis variedades mas poderosas de ganoderma lucidum, junto a una crema especial no lactea, consigue una armonia de aroma y sabor en una deliciosa bebida.<\/p>\n","protected":false},"excerpt":{"rendered":"<p>Lingzhi Caf\u00e9 3 en 1 es una fusi\u00f3ndel m\u00e1s selecto caf\u00e9 gourmet y el extracto de las seis variedades mas poderosas de ganoderma lucidum, junto a una crema especial no lactea, consigue una armonia de aroma y sabor en una deliciosa bebida.<\/p>\n","protected":false},"featured_media":52,"comment_status":"open","ping_status":"closed","template":"","meta":{"_joinchat":[]},"product_brand":[],"product_cat":[19],"product_tag":[],"class_list":{"0":"post-51","1":"product","2":"type-product","3":"status-publish","4":"has-post-thumbnail","6":"product_cat-alimentos-y-bebidas","8":"first","9":"instock","10":"shipping-taxable","11":"product-type-simple"},"_links":{"self":[{"href":"https:\/\/dxnlosolivos.com\/index.php?rest_route=\/wp\/v2\/product\/51","targetHints":{"allow":["GET"]}}],"collection":[{"href":"https:\/\/dxnlosolivos.com\/index.php?rest_route=\/wp\/v2\/product"}],"about":[{"href":"https:\/\/dxnlosolivos.com\/index.php?rest_route=\/wp\/v2\/types\/product"}],"replies":[{"embeddable":true,"href":"https:\/\/dxnlosolivos.com\/index.php?rest_route=%2Fwp%2Fv2%2Fcomments&post=51"}],"wp:featuredmedia":[{"embeddable":true,"href":"https:\/\/dxnlosolivos.com\/index.php?rest_route=\/wp\/v2\/media\/52"}],"wp:attachment":[{"href":"https:\/\/dxnlosolivos.com\/index.php?rest_route=%2Fwp%2Fv2%2Fmedia&parent=51"}],"wp:term":[{"taxonomy":"product_brand","embeddable":true,"href":"https:\/\/dxnlosolivos.com\/index.php?rest_route=%2Fwp%2Fv2%2Fproduct_brand&post=51"},{"taxonomy":"product_cat","embeddable":true,"href":"https:\/\/dxnlosolivos.com\/index.php?rest_route=%2Fwp%2Fv2%2Fproduct_cat&post=51"},{"taxonomy":"product_tag","embeddable":true,"href":"https:\/\/dxnlosolivos.com\/index.php?rest_route=%2Fwp%2Fv2%2Fproduct_tag&post=51"}],"curies":[{"name":"wp","href":"https:\/\/api.w.org\/{rel}","templated":true}]}}